{"id":7565,"date":"2021-07-15T08:41:47","date_gmt":"2021-07-15T08:41:47","guid":{"rendered":"https:\/\/torresolpiel.com\/?page_id=7565"},"modified":"2026-04-09T10:27:48","modified_gmt":"2026-04-09T08:27:48","slug":"area-privada","status":"publish","type":"page","link":"https:\/\/torresolpiel.com\/fr\/area-privada\/","title":{"rendered":"\u00c1rea privada"},"content":{"rendered":"","protected":true},"excerpt":{"rendered":"","protected":true},"author":1,"featured_media":0,"parent":0,"menu_order":0,"comment_status":"closed","ping_status":"closed","template":"","meta":[],"yoast_head":"<!-- This site is optimized with the Yoast SEO plugin v17.1 - https:\/\/yoast.com\/wordpress\/plugins\/seo\/ -->\n<title>\u00c1rea privada - Torresol<\/title>\n<meta name=\"description\" content=\"Bienvenidos al \u00c1rea clientes, el Acceso exclusivo a contenido Torresol. Trabajamos para ofrecer la mejor atenci\u00f3n a nuestros clientes.\" \/>\n<meta name=\"robots\" content=\"index, follow, max-snippet:-1, max-image-preview:large, max-video-preview:-1\" \/>\n<link rel=\"canonical\" href=\"https:\/\/torresolpiel.com\/fr\/area-privada\/\" \/>\n<meta property=\"og:locale\" content=\"fr_FR\" \/>\n<meta property=\"og:type\" content=\"article\" \/>\n<meta property=\"og:title\" content=\"\u00c1rea privada - Torresol\" \/>\n<meta property=\"og:description\" content=\"Bienvenidos al \u00c1rea clientes, el Acceso exclusivo a contenido Torresol. Trabajamos para ofrecer la mejor atenci\u00f3n a nuestros clientes.\" \/>\n<meta property=\"og:url\" content=\"https:\/\/torresolpiel.com\/fr\/area-privada\/\" \/>\n<meta property=\"og:site_name\" content=\"Torresol\" \/>\n<meta property=\"article:modified_time\" content=\"2026-04-09T08:27:48+00:00\" \/>\n<meta name=\"twitter:card\" content=\"summary_large_image\" \/>\n<meta name=\"twitter:label1\" content=\"Dur\u00e9e de lecture est.\" \/>\n\t<meta name=\"twitter:data1\" content=\"22 minutes\" \/>\n<script type=\"application\/ld+json\" class=\"yoast-schema-graph\">{\"@context\":\"https:\/\/schema.org\",\"@graph\":[{\"@type\":\"WebSite\",\"@id\":\"https:\/\/torresolpiel.com\/fr\/#website\",\"url\":\"https:\/\/torresolpiel.com\/fr\/\",\"name\":\"Torresol\",\"description\":\"Maestros del confort\",\"potentialAction\":[{\"@type\":\"SearchAction\",\"target\":{\"@type\":\"EntryPoint\",\"urlTemplate\":\"https:\/\/torresolpiel.com\/fr\/?s={search_term_string}\"},\"query-input\":\"required name=search_term_string\"}],\"inLanguage\":\"fr-FR\"},{\"@type\":\"WebPage\",\"@id\":\"https:\/\/torresolpiel.com\/fr\/area-privada\/#webpage\",\"url\":\"https:\/\/torresolpiel.com\/fr\/area-privada\/\",\"name\":\"\\u00c1rea privada - Torresol\",\"isPartOf\":{\"@id\":\"https:\/\/torresolpiel.com\/fr\/#website\"},\"datePublished\":\"2021-07-15T08:41:47+00:00\",\"dateModified\":\"2026-04-09T08:27:48+00:00\",\"breadcrumb\":{\"@id\":\"https:\/\/torresolpiel.com\/fr\/area-privada\/#breadcrumb\"},\"inLanguage\":\"fr-FR\"}]}<\/script>\n<!-- \/ Yoast SEO plugin. -->","yoast_head_json":{"title":"\u00c1rea privada - Torresol","description":"Bienvenidos al \u00c1rea clientes, el Acceso exclusivo a contenido Torresol. Trabajamos para ofrecer la mejor atenci\u00f3n a nuestros clientes.","robots":{"index":"index","follow":"follow","max-snippet":"max-snippet:-1","max-image-preview":"max-image-preview:large","max-video-preview":"max-video-preview:-1"},"canonical":"https:\/\/torresolpiel.com\/fr\/area-privada\/","og_locale":"fr_FR","og_type":"article","og_title":"\u00c1rea privada - Torresol","og_description":"Bienvenidos al \u00c1rea clientes, el Acceso exclusivo a contenido Torresol. Trabajamos para ofrecer la mejor atenci\u00f3n a nuestros clientes.","og_url":"https:\/\/torresolpiel.com\/fr\/area-privada\/","og_site_name":"Torresol","article_modified_time":"2026-04-09T08:27:48+00:00","twitter_card":"summary_large_image","twitter_misc":{"Dur\u00e9e de lecture est.":"22 minutes"},"schema":{"@context":"https:\/\/schema.org","@graph":[{"@type":"WebSite","@id":"https:\/\/torresolpiel.com\/fr\/#website","url":"https:\/\/torresolpiel.com\/fr\/","name":"Torresol","description":"Maestros del confort","potentialAction":[{"@type":"SearchAction","target":{"@type":"EntryPoint","urlTemplate":"https:\/\/torresolpiel.com\/fr\/?s={search_term_string}"},"query-input":"required name=search_term_string"}],"inLanguage":"fr-FR"},{"@type":"WebPage","@id":"https:\/\/torresolpiel.com\/fr\/area-privada\/#webpage","url":"https:\/\/torresolpiel.com\/fr\/area-privada\/","name":"\u00c1rea privada - Torresol","isPartOf":{"@id":"https:\/\/torresolpiel.com\/fr\/#website"},"datePublished":"2021-07-15T08:41:47+00:00","dateModified":"2026-04-09T08:27:48+00:00","breadcrumb":{"@id":"https:\/\/torresolpiel.com\/fr\/area-privada\/#breadcrumb"},"inLanguage":"fr-FR"}]}},"_links":{"self":[{"href":"https:\/\/torresolpiel.com\/fr\/wp-json\/wp\/v2\/pages\/7565"}],"collection":[{"href":"https:\/\/torresolpiel.com\/fr\/wp-json\/wp\/v2\/pages"}],"about":[{"href":"https:\/\/torresolpiel.com\/fr\/wp-json\/wp\/v2\/types\/page"}],"author":[{"embeddable":true,"href":"https:\/\/torresolpiel.com\/fr\/wp-json\/wp\/v2\/users\/1"}],"replies":[{"embeddable":true,"href":"https:\/\/torresolpiel.com\/fr\/wp-json\/wp\/v2\/comments?post=7565"}],"version-history":[{"count":0,"href":"https:\/\/torresolpiel.com\/fr\/wp-json\/wp\/v2\/pages\/7565\/revisions"}],"wp:attachment":[{"href":"https:\/\/torresolpiel.com\/fr\/wp-json\/wp\/v2\/media?parent=7565"}],"curies":[{"name":"wp","href":"https:\/\/api.w.org\/{rel}","templated":true}]}}