{"id":11506,"date":"2024-04-11T20:26:32","date_gmt":"2024-04-11T18:26:32","guid":{"rendered":"https:\/\/torresolpiel.com\/canapes-relax-electriques-fixes\/"},"modified":"2024-04-11T20:26:32","modified_gmt":"2024-04-11T18:26:32","slug":"canapes-relax-electriques-fixes","status":"publish","type":"page","link":"https:\/\/torresolpiel.com\/fr\/canapes-relax-electriques-fixes\/","title":{"rendered":"Canap\u00e9s Relax \u00c9lectriques \/ Fixes"},"content":{"rendered":"[vc_row type=\u00a0\u00bbfull_width_content\u00a0\u00bb full_screen_row_position=\u00a0\u00bbmiddle\u00a0\u00bb column_margin=\u00a0\u00bbdefault\u00a0\u00bb column_direction=\u00a0\u00bbdefault\u00a0\u00bb column_direction_tablet=\u00a0\u00bbdefault\u00a0\u00bb column_direction_phone=\u00a0\u00bbdefault\u00a0\u00bb scene_position=\u00a0\u00bbcenter\u00a0\u00bb text_color=\u00a0\u00bbdark\u00a0\u00bb text_align=\u00a0\u00bbcenter\u00a0\u00bb row_border_radius=\u00a0\u00bbnone\u00a0\u00bb row_border_radius_applies=\u00a0\u00bbbg\u00a0\u00bb overlay_strength=\u00a0\u00bb0.3&Prime; gradient_direction=\u00a0\u00bbleft_to_right\u00a0\u00bb shape_divider_position=\u00a0\u00bbbottom\u00a0\u00bb bg_image_animation=\u00a0\u00bbnone\u00a0\u00bb shape_type=\u00a0\u00bb\u00a0\u00bb][vc_column column_padding=\u00a0\u00bbno-extra-padding\u00a0\u00bb column_padding_tablet=\u00a0\u00bbinherit\u00a0\u00bb column_padding_phone=\u00a0\u00bbinherit\u00a0\u00bb column_padding_position=\u00a0\u00bball\u00a0\u00bb column_element_spacing=\u00a0\u00bbdefault\u00a0\u00bb background_color_opacity=\u00a0\u00bb1&Prime; background_hover_color_opacity=\u00a0\u00bb1&Prime; column_shadow=\u00a0\u00bbnone\u00a0\u00bb column_border_radius=\u00a0\u00bbnone\u00a0\u00bb column_link_target=\u00a0\u00bb_self\u00a0\u00bb gradient_direction=\u00a0\u00bbleft_to_right\u00a0\u00bb overlay_strength=\u00a0\u00bb0.3&Prime; width=\u00a0\u00bb1\/1&Prime; tablet_width_inherit=\u00a0\u00bbdefault\u00a0\u00bb tablet_text_alignment=\u00a0\u00bbdefault\u00a0\u00bb phone_text_alignment=\u00a0\u00bbdefault\u00a0\u00bb bg_image_animation=\u00a0\u00bbnone\u00a0\u00bb border_type=\u00a0\u00bbsimple\u00a0\u00bb column_border_width=\u00a0\u00bbnone\u00a0\u00bb column_border_style=\u00a0\u00bbsolid\u00a0\u00bb][vc_column_text]\n<pre><a href=\"https:\/\/torresolpiel.com\/fr\/\">Inicio<\/a> &gt; <a href=\"https:\/\/torresolpiel.com\/fr\/collection\/\">Colecci\u00f3n<\/a> &gt; <a href=\"https:\/\/torresolpiel.com\/sofas-relax-electricos\/\">Sofas Relax El\u00e9ctricos \/ Fijos<\/a><\/pre>\n[\/vc_column_text][vc_column_text css_animation=\u00a0\u00bbfadeIn\u00a0\u00bb max_width=\u00a0\u00bb900&Prime; el_class=\u00a0\u00bbcategoria-titulo\u00a0\u00bb]\n<h1>Canap\u00e9s Relax \u00c9lectriques \/ Fixes<\/h1>\n<p>Le luxe devient tangible au contact de nos cuirs. S\u00e9lectionn\u00e9s durant tout le proc\u00e8s de cr\u00e9ation, les d\u00e9licates sensations finales s&rsquo;entrelacent \u00e0 la robustesse et durabilit\u00e9 du produit.[\/vc_column_text][\/vc_column][\/vc_row][vc_row type=\u00a0\u00bbfull_width_content\u00a0\u00bb full_screen_row_position=\u00a0\u00bbmiddle\u00a0\u00bb column_margin=\u00a0\u00bbdefault\u00a0\u00bb column_direction=\u00a0\u00bbdefault\u00a0\u00bb column_direction_tablet=\u00a0\u00bbdefault\u00a0\u00bb column_direction_phone=\u00a0\u00bbdefault\u00a0\u00bb scene_position=\u00a0\u00bbcenter\u00a0\u00bb text_color=\u00a0\u00bbdark\u00a0\u00bb text_align=\u00a0\u00bbleft\u00a0\u00bb row_border_radius=\u00a0\u00bbnone\u00a0\u00bb row_border_radius_applies=\u00a0\u00bbbg\u00a0\u00bb overlay_strength=\u00a0\u00bb0.3&Prime; gradient_direction=\u00a0\u00bbleft_to_right\u00a0\u00bb shape_divider_position=\u00a0\u00bbbottom\u00a0\u00bb bg_image_animation=\u00a0\u00bbnone\u00a0\u00bb shape_type=\u00a0\u00bb\u00a0\u00bb][vc_column column_padding=\u00a0\u00bbno-extra-padding\u00a0\u00bb column_padding_tablet=\u00a0\u00bbinherit\u00a0\u00bb column_padding_phone=\u00a0\u00bbinherit\u00a0\u00bb column_padding_position=\u00a0\u00bball\u00a0\u00bb column_element_spacing=\u00a0\u00bbdefault\u00a0\u00bb background_color_opacity=\u00a0\u00bb1&Prime; background_hover_color_opacity=\u00a0\u00bb1&Prime; column_shadow=\u00a0\u00bbnone\u00a0\u00bb column_border_radius=\u00a0\u00bbnone\u00a0\u00bb column_link_target=\u00a0\u00bb_self\u00a0\u00bb gradient_direction=\u00a0\u00bbleft_to_right\u00a0\u00bb overlay_strength=\u00a0\u00bb0.3&Prime; width=\u00a0\u00bb1\/1&Prime; tablet_width_inherit=\u00a0\u00bbdefault\u00a0\u00bb tablet_text_alignment=\u00a0\u00bbdefault\u00a0\u00bb phone_text_alignment=\u00a0\u00bbdefault\u00a0\u00bb bg_image_animation=\u00a0\u00bbnone\u00a0\u00bb border_type=\u00a0\u00bbsimple\u00a0\u00bb column_border_width=\u00a0\u00bbnone\u00a0\u00bb column_border_style=\u00a0\u00bbsolid\u00a0\u00bb][nectar_post_grid post_type=\u00a0\u00bbportfolio\u00a0\u00bb portfolio_category=\u00a0\u00bbsofas-relax-electricos-fijos\u00a0\u00bb order=\u00a0\u00bbASC\u00a0\u00bb orderby=\u00a0\u00bbtitle\u00a0\u00bb pagination=\u00a0\u00bbnone\u00a0\u00bb columns=\u00a0\u00bb4&Prime; grid_item_spacing=\u00a0\u00bbnone\u00a0\u00bb grid_item_height=\u00a0\u00bb30vh\u00a0\u00bb image_size=\u00a0\u00bblarge\u00a0\u00bb aspect_ratio_image_size=\u00a0\u00bbyes\u00a0\u00bb image_loading=\u00a0\u00bbdefault\u00a0\u00bb animation=\u00a0\u00bbfade-in-from-bottom\u00a0\u00bb heading_tag=\u00a0\u00bbh2&Prime; grid_style=\u00a0\u00bbcontent_under_image\u00a0\u00bb content_under_image_text_align=\u00a0\u00bbcenter\u00a0\u00bb text_color=\u00a0\u00bbdark\u00a0\u00bb hover_effect=\u00a0\u00bbslow_zoom\u00a0\u00bb border_radius=\u00a0\u00bbnone\u00a0\u00bb posts_per_page=\u00a0\u00bb100&Prime; custom_font_size=\u00a0\u00bb40px\u00a0\u00bb][\/vc_column][\/vc_row]\n","protected":false},"excerpt":{"rendered":"<p>[vc_row type=\u00a0\u00bbfull_width_content\u00a0\u00bb full_screen_row_position=\u00a0\u00bbmiddle\u00a0\u00bb column_margin=\u00a0\u00bbdefault\u00a0\u00bb column_direction=\u00a0\u00bbdefault\u00a0\u00bb column_direction_tablet=\u00a0\u00bbdefault\u00a0\u00bb column_direction_phone=\u00a0\u00bbdefault\u00a0\u00bb scene_position=\u00a0\u00bbcenter\u00a0\u00bb text_color=\u00a0\u00bbdark\u00a0\u00bb text_align=\u00a0\u00bbcenter\u00a0\u00bb row_border_radius=\u00a0\u00bbnone\u00a0\u00bb row_border_radius_applies=\u00a0\u00bbbg\u00a0\u00bb overlay_strength=\u00a0\u00bb0.3&Prime; gradient_direction=\u00a0\u00bbleft_to_right\u00a0\u00bb shape_divider_position=\u00a0\u00bbbottom\u00a0\u00bb bg_image_animation=\u00a0\u00bbnone\u00a0\u00bb shape_type=\u00a0\u00bb\u00a0\u00bb][vc_column column_padding=\u00a0\u00bbno-extra-padding\u00a0\u00bb column_padding_tablet=\u00a0\u00bbinherit\u00a0\u00bb column_padding_phone=\u00a0\u00bbinherit\u00a0\u00bb column_padding_position=\u00a0\u00bball\u00a0\u00bb column_element_spacing=\u00a0\u00bbdefault\u00a0\u00bb background_color_opacity=\u00a0\u00bb1&Prime; background_hover_color_opacity=\u00a0\u00bb1&Prime; column_shadow=\u00a0\u00bbnone\u00a0\u00bb column_border_radius=\u00a0\u00bbnone\u00a0\u00bb column_link_target=\u00a0\u00bb_self\u00a0\u00bb gradient_direction=\u00a0\u00bbleft_to_right\u00a0\u00bb overlay_strength=\u00a0\u00bb0.3&Prime; width=\u00a0\u00bb1\/1&Prime; tablet_width_inherit=\u00a0\u00bbdefault\u00a0\u00bb tablet_text_alignment=\u00a0\u00bbdefault\u00a0\u00bb phone_text_alignment=\u00a0\u00bbdefault\u00a0\u00bb bg_image_animation=\u00a0\u00bbnone\u00a0\u00bb border_type=\u00a0\u00bbsimple\u00a0\u00bb column_border_width=\u00a0\u00bbnone\u00a0\u00bb column_border_style=\u00a0\u00bbsolid\u00a0\u00bb][vc_column_text] Inicio &gt; Colecci\u00f3n&#8230;<\/p>\n","protected":false},"author":1,"featured_media":0,"parent":0,"menu_order":0,"comment_status":"closed","ping_status":"closed","template":"","meta":[],"yoast_head":"<!-- This site is optimized with the Yoast SEO plugin v17.1 - https:\/\/yoast.com\/wordpress\/plugins\/seo\/ -->\n<title>Canap\u00e9s Relax \u00c9lectriques \/ Fixes - Torresol<\/title>\n<meta name=\"description\" content=\"Le luxe devient tangible au toucher de nos tissus et cuirs s\u00e9lectionn\u00e9s, qui entrem\u00ealent les d\u00e9licates sensations finales des d\u00e9tails et des finitions avec la robustesse et la durabilit\u00e9 du produit final.\" \/>\n<meta name=\"robots\" content=\"index, follow, max-snippet:-1, max-image-preview:large, max-video-preview:-1\" \/>\n<link rel=\"canonical\" href=\"https:\/\/torresolpiel.com\/fr\/canapes-relax-electriques-fixes\/\" \/>\n<meta property=\"og:locale\" content=\"fr_FR\" \/>\n<meta property=\"og:type\" content=\"article\" \/>\n<meta property=\"og:title\" content=\"Canap\u00e9s Relax \u00c9lectriques \/ Fixes - Torresol\" \/>\n<meta property=\"og:description\" content=\"Le luxe devient tangible au toucher de nos tissus et cuirs s\u00e9lectionn\u00e9s, qui entrem\u00ealent les d\u00e9licates sensations finales des d\u00e9tails et des finitions avec la robustesse et la durabilit\u00e9 du produit final.\" \/>\n<meta property=\"og:url\" content=\"https:\/\/torresolpiel.com\/fr\/canapes-relax-electriques-fixes\/\" \/>\n<meta property=\"og:site_name\" content=\"Torresol\" \/>\n<meta name=\"twitter:card\" content=\"summary_large_image\" \/>\n<meta name=\"twitter:label1\" content=\"Dur\u00e9e de lecture est.\" \/>\n\t<meta name=\"twitter:data1\" content=\"2 minutes\" \/>\n<script type=\"application\/ld+json\" class=\"yoast-schema-graph\">{\"@context\":\"https:\/\/schema.org\",\"@graph\":[{\"@type\":\"WebSite\",\"@id\":\"https:\/\/torresolpiel.com\/fr\/#website\",\"url\":\"https:\/\/torresolpiel.com\/fr\/\",\"name\":\"Torresol\",\"description\":\"Maestros del confort\",\"potentialAction\":[{\"@type\":\"SearchAction\",\"target\":{\"@type\":\"EntryPoint\",\"urlTemplate\":\"https:\/\/torresolpiel.com\/fr\/?s={search_term_string}\"},\"query-input\":\"required name=search_term_string\"}],\"inLanguage\":\"fr-FR\"},{\"@type\":\"WebPage\",\"@id\":\"https:\/\/torresolpiel.com\/fr\/canapes-relax-electriques-fixes\/#webpage\",\"url\":\"https:\/\/torresolpiel.com\/fr\/canapes-relax-electriques-fixes\/\",\"name\":\"Canap\\u00e9s Relax \\u00c9lectriques \/ Fixes - Torresol\",\"isPartOf\":{\"@id\":\"https:\/\/torresolpiel.com\/fr\/#website\"},\"datePublished\":\"2024-04-11T18:26:32+00:00\",\"dateModified\":\"2024-04-11T18:26:32+00:00\",\"description\":\"Le luxe devient tangible au toucher de nos tissus et cuirs s\\u00e9lectionn\\u00e9s, qui entrem\\u00ealent les d\\u00e9licates sensations finales des d\\u00e9tails et des finitions avec la robustesse et la durabilit\\u00e9 du produit final.\",\"breadcrumb\":{\"@id\":\"https:\/\/torresolpiel.com\/fr\/canapes-relax-electriques-fixes\/#breadcrumb\"},\"inLanguage\":\"fr-FR\",\"potentialAction\":[{\"@type\":\"ReadAction\",\"target\":[\"https:\/\/torresolpiel.com\/fr\/canapes-relax-electriques-fixes\/\"]}]},{\"@type\":\"BreadcrumbList\",\"@id\":\"https:\/\/torresolpiel.com\/fr\/canapes-relax-electriques-fixes\/#breadcrumb\",\"itemListElement\":[{\"@type\":\"ListItem\",\"position\":1,\"name\":\"Portada\",\"item\":\"https:\/\/torresolpiel.com\/fr\/\"},{\"@type\":\"ListItem\",\"position\":2,\"name\":\"Canap\\u00e9s Relax \\u00c9lectriques \/ Fixes\"}]}]}<\/script>\n<!-- \/ Yoast SEO plugin. -->","yoast_head_json":{"title":"Canap\u00e9s Relax \u00c9lectriques \/ Fixes - Torresol","description":"Le luxe devient tangible au toucher de nos tissus et cuirs s\u00e9lectionn\u00e9s, qui entrem\u00ealent les d\u00e9licates sensations finales des d\u00e9tails et des finitions avec la robustesse et la durabilit\u00e9 du produit final.","robots":{"index":"index","follow":"follow","max-snippet":"max-snippet:-1","max-image-preview":"max-image-preview:large","max-video-preview":"max-video-preview:-1"},"canonical":"https:\/\/torresolpiel.com\/fr\/canapes-relax-electriques-fixes\/","og_locale":"fr_FR","og_type":"article","og_title":"Canap\u00e9s Relax \u00c9lectriques \/ Fixes - Torresol","og_description":"Le luxe devient tangible au toucher de nos tissus et cuirs s\u00e9lectionn\u00e9s, qui entrem\u00ealent les d\u00e9licates sensations finales des d\u00e9tails et des finitions avec la robustesse et la durabilit\u00e9 du produit final.","og_url":"https:\/\/torresolpiel.com\/fr\/canapes-relax-electriques-fixes\/","og_site_name":"Torresol","twitter_card":"summary_large_image","twitter_misc":{"Dur\u00e9e de lecture est.":"2 minutes"},"schema":{"@context":"https:\/\/schema.org","@graph":[{"@type":"WebSite","@id":"https:\/\/torresolpiel.com\/fr\/#website","url":"https:\/\/torresolpiel.com\/fr\/","name":"Torresol","description":"Maestros del confort","potentialAction":[{"@type":"SearchAction","target":{"@type":"EntryPoint","urlTemplate":"https:\/\/torresolpiel.com\/fr\/?s={search_term_string}"},"query-input":"required name=search_term_string"}],"inLanguage":"fr-FR"},{"@type":"WebPage","@id":"https:\/\/torresolpiel.com\/fr\/canapes-relax-electriques-fixes\/#webpage","url":"https:\/\/torresolpiel.com\/fr\/canapes-relax-electriques-fixes\/","name":"Canap\u00e9s Relax \u00c9lectriques \/ Fixes - Torresol","isPartOf":{"@id":"https:\/\/torresolpiel.com\/fr\/#website"},"datePublished":"2024-04-11T18:26:32+00:00","dateModified":"2024-04-11T18:26:32+00:00","description":"Le luxe devient tangible au toucher de nos tissus et cuirs s\u00e9lectionn\u00e9s, qui entrem\u00ealent les d\u00e9licates sensations finales des d\u00e9tails et des finitions avec la robustesse et la durabilit\u00e9 du produit final.","breadcrumb":{"@id":"https:\/\/torresolpiel.com\/fr\/canapes-relax-electriques-fixes\/#breadcrumb"},"inLanguage":"fr-FR","potentialAction":[{"@type":"ReadAction","target":["https:\/\/torresolpiel.com\/fr\/canapes-relax-electriques-fixes\/"]}]},{"@type":"BreadcrumbList","@id":"https:\/\/torresolpiel.com\/fr\/canapes-relax-electriques-fixes\/#breadcrumb","itemListElement":[{"@type":"ListItem","position":1,"name":"Portada","item":"https:\/\/torresolpiel.com\/fr\/"},{"@type":"ListItem","position":2,"name":"Canap\u00e9s Relax \u00c9lectriques \/ Fixes"}]}]}},"_links":{"self":[{"href":"https:\/\/torresolpiel.com\/fr\/wp-json\/wp\/v2\/pages\/11506"}],"collection":[{"href":"https:\/\/torresolpiel.com\/fr\/wp-json\/wp\/v2\/pages"}],"about":[{"href":"https:\/\/torresolpiel.com\/fr\/wp-json\/wp\/v2\/types\/page"}],"author":[{"embeddable":true,"href":"https:\/\/torresolpiel.com\/fr\/wp-json\/wp\/v2\/users\/1"}],"replies":[{"embeddable":true,"href":"https:\/\/torresolpiel.com\/fr\/wp-json\/wp\/v2\/comments?post=11506"}],"version-history":[{"count":0,"href":"https:\/\/torresolpiel.com\/fr\/wp-json\/wp\/v2\/pages\/11506\/revisions"}],"wp:attachment":[{"href":"https:\/\/torresolpiel.com\/fr\/wp-json\/wp\/v2\/media?parent=11506"}],"curies":[{"name":"wp","href":"https:\/\/api.w.org\/{rel}","templated":true}]}}