{"id":11503,"date":"2024-04-11T20:12:38","date_gmt":"2024-04-11T18:12:38","guid":{"rendered":"https:\/\/torresolpiel.com\/verifiez-letat-de-votre-commande\/"},"modified":"2024-04-11T20:12:38","modified_gmt":"2024-04-11T18:12:38","slug":"verifiez-letat-de-votre-commande","status":"publish","type":"page","link":"https:\/\/torresolpiel.com\/fr\/verifiez-letat-de-votre-commande\/","title":{"rendered":"V\u00e9rifiez l&rsquo;\u00e9tat de votre commande"},"content":{"rendered":"[vc_row type=\u00a0\u00bbfull_width_content\u00a0\u00bb full_screen_row_position=\u00a0\u00bbmiddle\u00a0\u00bb column_margin=\u00a0\u00bbdefault\u00a0\u00bb column_direction=\u00a0\u00bbdefault\u00a0\u00bb column_direction_tablet=\u00a0\u00bbdefault\u00a0\u00bb column_direction_phone=\u00a0\u00bbdefault\u00a0\u00bb scene_position=\u00a0\u00bbcenter\u00a0\u00bb top_padding=\u00a0\u00bb4%\u00a0\u00bb constrain_group_1=\u00a0\u00bbyes\u00a0\u00bb bottom_padding=\u00a0\u00bb4%\u00a0\u00bb left_padding_tablet=\u00a0\u00bb5%\u00a0\u00bb constrain_group_4=\u00a0\u00bbyes\u00a0\u00bb right_padding_tablet=\u00a0\u00bb5%\u00a0\u00bb left_padding_phone=\u00a0\u00bb3%\u00a0\u00bb constrain_group_6=\u00a0\u00bbyes\u00a0\u00bb right_padding_phone=\u00a0\u00bb3%\u00a0\u00bb text_color=\u00a0\u00bbdark\u00a0\u00bb text_align=\u00a0\u00bbleft\u00a0\u00bb row_border_radius=\u00a0\u00bbnone\u00a0\u00bb row_border_radius_applies=\u00a0\u00bbbg\u00a0\u00bb overlay_strength=\u00a0\u00bb0.3&Prime; gradient_direction=\u00a0\u00bbleft_to_right\u00a0\u00bb shape_divider_position=\u00a0\u00bbbottom\u00a0\u00bb bg_image_animation=\u00a0\u00bbnone\u00a0\u00bb shape_type=\u00a0\u00bb\u00a0\u00bb][vc_column column_padding=\u00a0\u00bbno-extra-padding\u00a0\u00bb column_padding_tablet=\u00a0\u00bbinherit\u00a0\u00bb column_padding_phone=\u00a0\u00bbinherit\u00a0\u00bb column_padding_position=\u00a0\u00bball\u00a0\u00bb column_element_spacing=\u00a0\u00bbdefault\u00a0\u00bb background_color_opacity=\u00a0\u00bb1&Prime; background_hover_color_opacity=\u00a0\u00bb1&Prime; column_shadow=\u00a0\u00bbnone\u00a0\u00bb column_border_radius=\u00a0\u00bbnone\u00a0\u00bb column_link_target=\u00a0\u00bb_self\u00a0\u00bb gradient_direction=\u00a0\u00bbleft_to_right\u00a0\u00bb overlay_strength=\u00a0\u00bb0.3&Prime; width=\u00a0\u00bb1\/12&Prime; tablet_width_inherit=\u00a0\u00bbdefault\u00a0\u00bb tablet_text_alignment=\u00a0\u00bbdefault\u00a0\u00bb phone_text_alignment=\u00a0\u00bbdefault\u00a0\u00bb bg_image_animation=\u00a0\u00bbnone\u00a0\u00bb border_type=\u00a0\u00bbsimple\u00a0\u00bb column_border_width=\u00a0\u00bbnone\u00a0\u00bb column_border_style=\u00a0\u00bbsolid\u00a0\u00bb][\/vc_column][vc_column column_padding=\u00a0\u00bbno-extra-padding\u00a0\u00bb column_padding_tablet=\u00a0\u00bbinherit\u00a0\u00bb column_padding_phone=\u00a0\u00bbinherit\u00a0\u00bb column_padding_position=\u00a0\u00bball\u00a0\u00bb column_element_spacing=\u00a0\u00bbdefault\u00a0\u00bb background_color_opacity=\u00a0\u00bb1&Prime; background_hover_color_opacity=\u00a0\u00bb1&Prime; column_shadow=\u00a0\u00bbnone\u00a0\u00bb column_border_radius=\u00a0\u00bbnone\u00a0\u00bb column_link_target=\u00a0\u00bb_self\u00a0\u00bb gradient_direction=\u00a0\u00bbleft_to_right\u00a0\u00bb overlay_strength=\u00a0\u00bb0.3&Prime; width=\u00a0\u00bb6\/12&Prime; tablet_width_inherit=\u00a0\u00bbdefault\u00a0\u00bb tablet_text_alignment=\u00a0\u00bbdefault\u00a0\u00bb phone_text_alignment=\u00a0\u00bbdefault\u00a0\u00bb bg_image_animation=\u00a0\u00bbnone\u00a0\u00bb border_type=\u00a0\u00bbsimple\u00a0\u00bb column_border_width=\u00a0\u00bbnone\u00a0\u00bb column_border_style=\u00a0\u00bbsolid\u00a0\u00bb][vc_column_text]\n<h4>V\u00e9rifiez l&rsquo;\u00e9tat de votre commande en ajoutant le num\u00e9ro de commande dans le champ suivant au format S\u00c9RIE\/COMMANDE-CLIENT pour autant qu&rsquo;il s&rsquo;agisse d&rsquo;une commande d&rsquo;une dur\u00e9e maximale de 120 jours.<\/h4>\n[\/vc_column_text][\/vc_column][vc_column column_padding=\u00a0\u00bbno-extra-padding\u00a0\u00bb column_padding_tablet=\u00a0\u00bbinherit\u00a0\u00bb column_padding_phone=\u00a0\u00bbinherit\u00a0\u00bb column_padding_position=\u00a0\u00bball\u00a0\u00bb column_element_spacing=\u00a0\u00bbdefault\u00a0\u00bb background_color_opacity=\u00a0\u00bb1&Prime; background_hover_color_opacity=\u00a0\u00bb1&Prime; column_shadow=\u00a0\u00bbnone\u00a0\u00bb column_border_radius=\u00a0\u00bbnone\u00a0\u00bb column_link_target=\u00a0\u00bb_self\u00a0\u00bb gradient_direction=\u00a0\u00bbleft_to_right\u00a0\u00bb overlay_strength=\u00a0\u00bb0.3&Prime; width=\u00a0\u00bb5\/12&Prime; tablet_width_inherit=\u00a0\u00bbdefault\u00a0\u00bb tablet_text_alignment=\u00a0\u00bbdefault\u00a0\u00bb phone_text_alignment=\u00a0\u00bbdefault\u00a0\u00bb bg_image_animation=\u00a0\u00bbnone\u00a0\u00bb border_type=\u00a0\u00bbsimple\u00a0\u00bb column_border_width=\u00a0\u00bbnone\u00a0\u00bb column_border_style=\u00a0\u00bbsolid\u00a0\u00bb][\/vc_column][\/vc_row][vc_row type=\u00a0\u00bbin_container\u00a0\u00bb full_screen_row_position=\u00a0\u00bbmiddle\u00a0\u00bb column_margin=\u00a0\u00bbdefault\u00a0\u00bb column_direction=\u00a0\u00bbdefault\u00a0\u00bb column_direction_tablet=\u00a0\u00bbdefault\u00a0\u00bb column_direction_phone=\u00a0\u00bbdefault\u00a0\u00bb scene_position=\u00a0\u00bbcenter\u00a0\u00bb text_color=\u00a0\u00bbdark\u00a0\u00bb text_align=\u00a0\u00bbleft\u00a0\u00bb row_border_radius=\u00a0\u00bbnone\u00a0\u00bb row_border_radius_applies=\u00a0\u00bbbg\u00a0\u00bb overlay_strength=\u00a0\u00bb0.3&Prime; gradient_direction=\u00a0\u00bbleft_to_right\u00a0\u00bb shape_divider_position=\u00a0\u00bbbottom\u00a0\u00bb bg_image_animation=\u00a0\u00bbnone\u00a0\u00bb][vc_column column_padding=\u00a0\u00bbno-extra-padding\u00a0\u00bb column_padding_tablet=\u00a0\u00bbinherit\u00a0\u00bb column_padding_phone=\u00a0\u00bbinherit\u00a0\u00bb column_padding_position=\u00a0\u00bball\u00a0\u00bb column_element_spacing=\u00a0\u00bbdefault\u00a0\u00bb background_color_opacity=\u00a0\u00bb1&Prime; background_hover_color_opacity=\u00a0\u00bb1&Prime; column_shadow=\u00a0\u00bbnone\u00a0\u00bb column_border_radius=\u00a0\u00bbnone\u00a0\u00bb column_link_target=\u00a0\u00bb_self\u00a0\u00bb gradient_direction=\u00a0\u00bbleft_to_right\u00a0\u00bb overlay_strength=\u00a0\u00bb0.3&Prime; width=\u00a0\u00bb1\/1&Prime; tablet_width_inherit=\u00a0\u00bbdefault\u00a0\u00bb tablet_text_alignment=\u00a0\u00bbdefault\u00a0\u00bb phone_text_alignment=\u00a0\u00bbdefault\u00a0\u00bb bg_image_animation=\u00a0\u00bbnone\u00a0\u00bb border_type=\u00a0\u00bbsimple\u00a0\u00bb column_border_width=\u00a0\u00bbnone\u00a0\u00bb column_border_style=\u00a0\u00bbsolid\u00a0\u00bb][vc_column_text]<iframe loading=\"lazy\" class=\"responsive-iframe\" src=\"https:\/\/simnet.gruposim.eu\/torresol\/public\/consultapedido\" width=\"100%\" height=\"500\"><\/iframe>[\/vc_column_text][\/vc_column][\/vc_row]\n","protected":false},"excerpt":{"rendered":"<p>[vc_row type=\u00a0\u00bbfull_width_content\u00a0\u00bb full_screen_row_position=\u00a0\u00bbmiddle\u00a0\u00bb column_margin=\u00a0\u00bbdefault\u00a0\u00bb column_direction=\u00a0\u00bbdefault\u00a0\u00bb column_direction_tablet=\u00a0\u00bbdefault\u00a0\u00bb column_direction_phone=\u00a0\u00bbdefault\u00a0\u00bb scene_position=\u00a0\u00bbcenter\u00a0\u00bb top_padding=\u00a0\u00bb4%\u00a0\u00bb constrain_group_1=\u00a0\u00bbyes\u00a0\u00bb bottom_padding=\u00a0\u00bb4%\u00a0\u00bb left_padding_tablet=\u00a0\u00bb5%\u00a0\u00bb constrain_group_4=\u00a0\u00bbyes\u00a0\u00bb right_padding_tablet=\u00a0\u00bb5%\u00a0\u00bb left_padding_phone=\u00a0\u00bb3%\u00a0\u00bb constrain_group_6=\u00a0\u00bbyes\u00a0\u00bb right_padding_phone=\u00a0\u00bb3%\u00a0\u00bb text_color=\u00a0\u00bbdark\u00a0\u00bb text_align=\u00a0\u00bbleft\u00a0\u00bb row_border_radius=\u00a0\u00bbnone\u00a0\u00bb row_border_radius_applies=\u00a0\u00bbbg\u00a0\u00bb overlay_strength=\u00a0\u00bb0.3&Prime; gradient_direction=\u00a0\u00bbleft_to_right\u00a0\u00bb shape_divider_position=\u00a0\u00bbbottom\u00a0\u00bb bg_image_animation=\u00a0\u00bbnone\u00a0\u00bb shape_type=\u00a0\u00bb\u00a0\u00bb][vc_column column_padding=\u00a0\u00bbno-extra-padding\u00a0\u00bb column_padding_tablet=\u00a0\u00bbinherit\u00a0\u00bb column_padding_phone=\u00a0\u00bbinherit\u00a0\u00bb column_padding_position=\u00a0\u00bball\u00a0\u00bb column_element_spacing=\u00a0\u00bbdefault\u00a0\u00bb background_color_opacity=\u00a0\u00bb1&Prime; background_hover_color_opacity=\u00a0\u00bb1&Prime; column_shadow=\u00a0\u00bbnone\u00a0\u00bb column_border_radius=\u00a0\u00bbnone\u00a0\u00bb column_link_target=\u00a0\u00bb_self\u00a0\u00bb gradient_direction=\u00a0\u00bbleft_to_right\u00a0\u00bb overlay_strength=\u00a0\u00bb0.3&Prime; width=\u00a0\u00bb1\/12&Prime; tablet_width_inherit=\u00a0\u00bbdefault\u00a0\u00bb&#8230;<\/p>\n","protected":false},"author":1,"featured_media":0,"parent":0,"menu_order":0,"comment_status":"closed","ping_status":"closed","template":"","meta":[],"yoast_head":"<!-- This site is optimized with the Yoast SEO plugin v17.1 - https:\/\/yoast.com\/wordpress\/plugins\/seo\/ -->\n<title>V\u00e9rifiez l&#039;\u00e9tat de votre commande - Torresol<\/title>\n<meta name=\"description\" content=\"Nous ne sommes pas seulement une grande marque de tissus d&#039;ameublement. Nous ne sommes pas seulement une grande marque de tissus d&#039;ameublement.\" \/>\n<meta name=\"robots\" content=\"index, follow, max-snippet:-1, max-image-preview:large, max-video-preview:-1\" \/>\n<link rel=\"canonical\" href=\"https:\/\/torresolpiel.com\/fr\/verifiez-letat-de-votre-commande\/\" \/>\n<meta property=\"og:locale\" content=\"fr_FR\" \/>\n<meta property=\"og:type\" content=\"article\" \/>\n<meta property=\"og:title\" content=\"V\u00e9rifiez l&#039;\u00e9tat de votre commande - Torresol\" \/>\n<meta property=\"og:description\" content=\"Nous ne sommes pas seulement une grande marque de tissus d&#039;ameublement. Nous ne sommes pas seulement une grande marque de tissus d&#039;ameublement.\" \/>\n<meta property=\"og:url\" content=\"https:\/\/torresolpiel.com\/fr\/verifiez-letat-de-votre-commande\/\" \/>\n<meta property=\"og:site_name\" content=\"Torresol\" \/>\n<meta name=\"twitter:card\" content=\"summary_large_image\" \/>\n<meta name=\"twitter:label1\" content=\"Dur\u00e9e de lecture est.\" \/>\n\t<meta name=\"twitter:data1\" content=\"2 minutes\" \/>\n<script type=\"application\/ld+json\" class=\"yoast-schema-graph\">{\"@context\":\"https:\/\/schema.org\",\"@graph\":[{\"@type\":\"WebSite\",\"@id\":\"https:\/\/torresolpiel.com\/fr\/#website\",\"url\":\"https:\/\/torresolpiel.com\/fr\/\",\"name\":\"Torresol\",\"description\":\"Maestros del confort\",\"potentialAction\":[{\"@type\":\"SearchAction\",\"target\":{\"@type\":\"EntryPoint\",\"urlTemplate\":\"https:\/\/torresolpiel.com\/fr\/?s={search_term_string}\"},\"query-input\":\"required name=search_term_string\"}],\"inLanguage\":\"fr-FR\"},{\"@type\":\"WebPage\",\"@id\":\"https:\/\/torresolpiel.com\/fr\/verifiez-letat-de-votre-commande\/#webpage\",\"url\":\"https:\/\/torresolpiel.com\/fr\/verifiez-letat-de-votre-commande\/\",\"name\":\"V\\u00e9rifiez l'\\u00e9tat de votre commande - Torresol\",\"isPartOf\":{\"@id\":\"https:\/\/torresolpiel.com\/fr\/#website\"},\"datePublished\":\"2024-04-11T18:12:38+00:00\",\"dateModified\":\"2024-04-11T18:12:38+00:00\",\"description\":\"Nous ne sommes pas seulement une grande marque de tissus d'ameublement. Nous ne sommes pas seulement une grande marque de tissus d'ameublement.\",\"breadcrumb\":{\"@id\":\"https:\/\/torresolpiel.com\/fr\/verifiez-letat-de-votre-commande\/#breadcrumb\"},\"inLanguage\":\"fr-FR\",\"potentialAction\":[{\"@type\":\"ReadAction\",\"target\":[\"https:\/\/torresolpiel.com\/fr\/verifiez-letat-de-votre-commande\/\"]}]},{\"@type\":\"BreadcrumbList\",\"@id\":\"https:\/\/torresolpiel.com\/fr\/verifiez-letat-de-votre-commande\/#breadcrumb\",\"itemListElement\":[{\"@type\":\"ListItem\",\"position\":1,\"name\":\"Portada\",\"item\":\"https:\/\/torresolpiel.com\/fr\/\"},{\"@type\":\"ListItem\",\"position\":2,\"name\":\"V\\u00e9rifiez l&#8217;\\u00e9tat de votre commande\"}]}]}<\/script>\n<!-- \/ Yoast SEO plugin. -->","yoast_head_json":{"title":"V\u00e9rifiez l'\u00e9tat de votre commande - Torresol","description":"Nous ne sommes pas seulement une grande marque de tissus d'ameublement. Nous ne sommes pas seulement une grande marque de tissus d'ameublement.","robots":{"index":"index","follow":"follow","max-snippet":"max-snippet:-1","max-image-preview":"max-image-preview:large","max-video-preview":"max-video-preview:-1"},"canonical":"https:\/\/torresolpiel.com\/fr\/verifiez-letat-de-votre-commande\/","og_locale":"fr_FR","og_type":"article","og_title":"V\u00e9rifiez l'\u00e9tat de votre commande - Torresol","og_description":"Nous ne sommes pas seulement une grande marque de tissus d'ameublement. Nous ne sommes pas seulement une grande marque de tissus d'ameublement.","og_url":"https:\/\/torresolpiel.com\/fr\/verifiez-letat-de-votre-commande\/","og_site_name":"Torresol","twitter_card":"summary_large_image","twitter_misc":{"Dur\u00e9e de lecture est.":"2 minutes"},"schema":{"@context":"https:\/\/schema.org","@graph":[{"@type":"WebSite","@id":"https:\/\/torresolpiel.com\/fr\/#website","url":"https:\/\/torresolpiel.com\/fr\/","name":"Torresol","description":"Maestros del confort","potentialAction":[{"@type":"SearchAction","target":{"@type":"EntryPoint","urlTemplate":"https:\/\/torresolpiel.com\/fr\/?s={search_term_string}"},"query-input":"required name=search_term_string"}],"inLanguage":"fr-FR"},{"@type":"WebPage","@id":"https:\/\/torresolpiel.com\/fr\/verifiez-letat-de-votre-commande\/#webpage","url":"https:\/\/torresolpiel.com\/fr\/verifiez-letat-de-votre-commande\/","name":"V\u00e9rifiez l'\u00e9tat de votre commande - Torresol","isPartOf":{"@id":"https:\/\/torresolpiel.com\/fr\/#website"},"datePublished":"2024-04-11T18:12:38+00:00","dateModified":"2024-04-11T18:12:38+00:00","description":"Nous ne sommes pas seulement une grande marque de tissus d'ameublement. Nous ne sommes pas seulement une grande marque de tissus d'ameublement.","breadcrumb":{"@id":"https:\/\/torresolpiel.com\/fr\/verifiez-letat-de-votre-commande\/#breadcrumb"},"inLanguage":"fr-FR","potentialAction":[{"@type":"ReadAction","target":["https:\/\/torresolpiel.com\/fr\/verifiez-letat-de-votre-commande\/"]}]},{"@type":"BreadcrumbList","@id":"https:\/\/torresolpiel.com\/fr\/verifiez-letat-de-votre-commande\/#breadcrumb","itemListElement":[{"@type":"ListItem","position":1,"name":"Portada","item":"https:\/\/torresolpiel.com\/fr\/"},{"@type":"ListItem","position":2,"name":"V\u00e9rifiez l&#8217;\u00e9tat de votre commande"}]}]}},"_links":{"self":[{"href":"https:\/\/torresolpiel.com\/fr\/wp-json\/wp\/v2\/pages\/11503"}],"collection":[{"href":"https:\/\/torresolpiel.com\/fr\/wp-json\/wp\/v2\/pages"}],"about":[{"href":"https:\/\/torresolpiel.com\/fr\/wp-json\/wp\/v2\/types\/page"}],"author":[{"embeddable":true,"href":"https:\/\/torresolpiel.com\/fr\/wp-json\/wp\/v2\/users\/1"}],"replies":[{"embeddable":true,"href":"https:\/\/torresolpiel.com\/fr\/wp-json\/wp\/v2\/comments?post=11503"}],"version-history":[{"count":0,"href":"https:\/\/torresolpiel.com\/fr\/wp-json\/wp\/v2\/pages\/11503\/revisions"}],"wp:attachment":[{"href":"https:\/\/torresolpiel.com\/fr\/wp-json\/wp\/v2\/media?parent=11503"}],"curies":[{"name":"wp","href":"https:\/\/api.w.org\/{rel}","templated":true}]}}